{"id":217,"date":"2013-09-06T16:27:58","date_gmt":"2013-09-06T14:27:58","guid":{"rendered":"http:\/\/www.lamagdalenadeproust.com\/tienda-cursos-test\/?page_id=217"},"modified":"2013-09-17T17:14:18","modified_gmt":"2013-09-17T15:14:18","slug":"lujuria-vegana","status":"publish","type":"page","link":"https:\/\/www.lamagdalenadeproust.com\/info\/lujuria-vegana\/","title":{"rendered":"Lujuria Vegana"},"content":{"rendered":"<p><iframe loading=\"lazy\" src=\"\/\/player.vimeo.com\/video\/74724260\" width=\"700\" height=\"393\" frameborder=\"0\" webkitallowfullscreen mozallowfullscreen allowfullscreen><\/iframe> <\/p>\n<p><a href=\"http:\/\/vimeo.com\/74724260\">PROMO LUJURIA VEGANA<\/a> from <a href=\"http:\/\/vimeo.com\/user14578681\">La Magdalena de Proust organic<\/a> on <a href=\"https:\/\/vimeo.com\">Vimeo<\/a>.<\/p>\n<p dir=\"ltr\">\n<p dir=\"ltr\">Lujuria Vegana est\u00e1 especializada en la producci\u00f3n de <strong>Alta Pasteler\u00eda Vegana.<\/strong><\/p>\n<p>Han inaugurado el primer obrador en Europa, que compite con la pasteler\u00eda tradicional a nivel internacional.<\/p>\n<p dir=\"ltr\"><strong>Nos ofrecen en sus cursos aprender a elaborar un tipo de postres m\u00e1s saludables, sin colesterol y con la singularidad de ser compatibles con la alimentaci\u00f3n de personas veganas<\/strong> y vegetarianas, intolerantes a la lactosa, al\u00e9rgicas al huevo y con la de todas aquellas que deseen disfrutar de un postre sano y con menos calor\u00edas.<\/p>\n<p dir=\"ltr\"><a href=\"http:\/\/www.lujuriavegana.com\/es\/\">lujuriavegana.com<\/a><\/p>\n<h3 dir=\"ltr\"><strong>CONOCE SUS CURSOS: <span style=\"color: #99cc00;\">PASTELERIA VEGANA.<\/span> Ver m\u00e1s info<\/strong><\/h3>\n<p dir=\"ltr\"><strong>V\u00eddeo relacionado:<\/strong><\/p>\n<p dir=\"ltr\"><a href=\"http:\/\/iframewidth=420height=315src=\/\/www.youtube.com\/embed\/IgPawpOPjPMframeborder=0allowfullscreen\/iframe\"><iframe loading=\"lazy\" src=\"\/\/www.youtube.com\/embed\/IgPawpOPjPM\" height=\"315\" width=\"420\" allowfullscreen=\"\" frameborder=\"0\"><\/iframe><\/a><\/p>\n<p>&nbsp;<\/p>\n","protected":false},"excerpt":{"rendered":"<p>PROMO LUJURIA VEGANA from La Magdalena de Proust organic on Vimeo. Lujuria Vegana est\u00e1 especializada en la producci\u00f3n de Alta Pasteler\u00eda Vegana. Han inaugurado el primer obrador en Europa, que compite con la pasteler\u00eda tradicional a nivel internacional. Nos ofrecen en sus cursos aprender a elaborar un tipo de postres m\u00e1s saludables, sin colesterol y<\/p>\n","protected":false},"author":1,"featured_media":0,"parent":0,"menu_order":0,"comment_status":"open","ping_status":"open","template":"","meta":{"footnotes":""},"class_list":["post-217","page","type-page","status-publish","hentry"],"yoast_head":"<!-- This site is optimized with the Yoast SEO plugin v23.6 - https:\/\/yoast.com\/wordpress\/plugins\/seo\/ -->\n<title>Lujuria Vegana - Obrador de Pan Artesano<\/title>\n<meta name=\"robots\" content=\"index, follow, max-snippet:-1, max-image-preview:large, max-video-preview:-1\" \/>\n<link rel=\"canonical\" href=\"https:\/\/www.lamagdalenadeproust.com\/info\/lujuria-vegana\/\" \/>\n<meta property=\"og:locale\" content=\"es_ES\" \/>\n<meta property=\"og:type\" content=\"article\" \/>\n<meta property=\"og:title\" content=\"Lujuria Vegana - Obrador de Pan Artesano\" \/>\n<meta property=\"og:description\" content=\"PROMO LUJURIA VEGANA from La Magdalena de Proust organic on Vimeo. Lujuria Vegana est\u00e1 especializada en la producci\u00f3n de Alta Pasteler\u00eda Vegana. Han inaugurado el primer obrador en Europa, que compite con la pasteler\u00eda tradicional a nivel internacional. Nos ofrecen en sus cursos aprender a elaborar un tipo de postres m\u00e1s saludables, sin colesterol y\" \/>\n<meta property=\"og:url\" content=\"https:\/\/www.lamagdalenadeproust.com\/info\/lujuria-vegana\/\" \/>\n<meta property=\"og:site_name\" content=\"Obrador de Pan Artesano\" \/>\n<meta property=\"article:modified_time\" content=\"2013-09-17T15:14:18+00:00\" \/>\n<meta name=\"twitter:label1\" content=\"Tiempo de lectura\" \/>\n\t<meta name=\"twitter:data1\" content=\"1 minuto\" \/>\n<script type=\"application\/ld+json\" class=\"yoast-schema-graph\">{\"@context\":\"https:\/\/schema.org\",\"@graph\":[{\"@type\":\"WebPage\",\"@id\":\"https:\/\/www.lamagdalenadeproust.com\/info\/lujuria-vegana\/\",\"url\":\"https:\/\/www.lamagdalenadeproust.com\/info\/lujuria-vegana\/\",\"name\":\"Lujuria Vegana - Obrador de Pan Artesano\",\"isPartOf\":{\"@id\":\"https:\/\/www.lamagdalenadeproust.com\/info\/#website\"},\"datePublished\":\"2013-09-06T14:27:58+00:00\",\"dateModified\":\"2013-09-17T15:14:18+00:00\",\"breadcrumb\":{\"@id\":\"https:\/\/www.lamagdalenadeproust.com\/info\/lujuria-vegana\/#breadcrumb\"},\"inLanguage\":\"es\",\"potentialAction\":[{\"@type\":\"ReadAction\",\"target\":[\"https:\/\/www.lamagdalenadeproust.com\/info\/lujuria-vegana\/\"]}]},{\"@type\":\"BreadcrumbList\",\"@id\":\"https:\/\/www.lamagdalenadeproust.com\/info\/lujuria-vegana\/#breadcrumb\",\"itemListElement\":[{\"@type\":\"ListItem\",\"position\":1,\"name\":\"Home\",\"item\":\"https:\/\/www.lamagdalenadeproust.com\/info\/\"},{\"@type\":\"ListItem\",\"position\":2,\"name\":\"Lujuria Vegana\"}]},{\"@type\":\"WebSite\",\"@id\":\"https:\/\/www.lamagdalenadeproust.com\/info\/#website\",\"url\":\"https:\/\/www.lamagdalenadeproust.com\/info\/\",\"name\":\"Obrador de Pan Artesano\",\"description\":\"Obrador de pan artesanos en Madrid\",\"publisher\":{\"@id\":\"https:\/\/www.lamagdalenadeproust.com\/info\/#organization\"},\"potentialAction\":[{\"@type\":\"SearchAction\",\"target\":{\"@type\":\"EntryPoint\",\"urlTemplate\":\"https:\/\/www.lamagdalenadeproust.com\/info\/?s={search_term_string}\"},\"query-input\":{\"@type\":\"PropertyValueSpecification\",\"valueRequired\":true,\"valueName\":\"search_term_string\"}}],\"inLanguage\":\"es\"},{\"@type\":\"Organization\",\"@id\":\"https:\/\/www.lamagdalenadeproust.com\/info\/#organization\",\"name\":\"La Magdalena de Proust\",\"url\":\"https:\/\/www.lamagdalenadeproust.com\/info\/\",\"logo\":{\"@type\":\"ImageObject\",\"inLanguage\":\"es\",\"@id\":\"https:\/\/www.lamagdalenadeproust.com\/info\/#\/schema\/logo\/image\/\",\"url\":\"https:\/\/www.lamagdalenadeproust.com\/info\/wp-content\/uploads\/2016\/11\/Magadalena-Proust-Logo.png\",\"contentUrl\":\"https:\/\/www.lamagdalenadeproust.com\/info\/wp-content\/uploads\/2016\/11\/Magadalena-Proust-Logo.png\",\"width\":144,\"height\":105,\"caption\":\"La Magdalena de Proust\"},\"image\":{\"@id\":\"https:\/\/www.lamagdalenadeproust.com\/info\/#\/schema\/logo\/image\/\"}}]}<\/script>\n<!-- \/ Yoast SEO plugin. -->","yoast_head_json":{"title":"Lujuria Vegana - Obrador de Pan Artesano","robots":{"index":"index","follow":"follow","max-snippet":"max-snippet:-1","max-image-preview":"max-image-preview:large","max-video-preview":"max-video-preview:-1"},"canonical":"https:\/\/www.lamagdalenadeproust.com\/info\/lujuria-vegana\/","og_locale":"es_ES","og_type":"article","og_title":"Lujuria Vegana - Obrador de Pan Artesano","og_description":"PROMO LUJURIA VEGANA from La Magdalena de Proust organic on Vimeo. Lujuria Vegana est\u00e1 especializada en la producci\u00f3n de Alta Pasteler\u00eda Vegana. Han inaugurado el primer obrador en Europa, que compite con la pasteler\u00eda tradicional a nivel internacional. Nos ofrecen en sus cursos aprender a elaborar un tipo de postres m\u00e1s saludables, sin colesterol y","og_url":"https:\/\/www.lamagdalenadeproust.com\/info\/lujuria-vegana\/","og_site_name":"Obrador de Pan Artesano","article_modified_time":"2013-09-17T15:14:18+00:00","twitter_misc":{"Tiempo de lectura":"1 minuto"},"schema":{"@context":"https:\/\/schema.org","@graph":[{"@type":"WebPage","@id":"https:\/\/www.lamagdalenadeproust.com\/info\/lujuria-vegana\/","url":"https:\/\/www.lamagdalenadeproust.com\/info\/lujuria-vegana\/","name":"Lujuria Vegana - Obrador de Pan Artesano","isPartOf":{"@id":"https:\/\/www.lamagdalenadeproust.com\/info\/#website"},"datePublished":"2013-09-06T14:27:58+00:00","dateModified":"2013-09-17T15:14:18+00:00","breadcrumb":{"@id":"https:\/\/www.lamagdalenadeproust.com\/info\/lujuria-vegana\/#breadcrumb"},"inLanguage":"es","potentialAction":[{"@type":"ReadAction","target":["https:\/\/www.lamagdalenadeproust.com\/info\/lujuria-vegana\/"]}]},{"@type":"BreadcrumbList","@id":"https:\/\/www.lamagdalenadeproust.com\/info\/lujuria-vegana\/#breadcrumb","itemListElement":[{"@type":"ListItem","position":1,"name":"Home","item":"https:\/\/www.lamagdalenadeproust.com\/info\/"},{"@type":"ListItem","position":2,"name":"Lujuria Vegana"}]},{"@type":"WebSite","@id":"https:\/\/www.lamagdalenadeproust.com\/info\/#website","url":"https:\/\/www.lamagdalenadeproust.com\/info\/","name":"Obrador de Pan Artesano","description":"Obrador de pan artesanos en Madrid","publisher":{"@id":"https:\/\/www.lamagdalenadeproust.com\/info\/#organization"},"potentialAction":[{"@type":"SearchAction","target":{"@type":"EntryPoint","urlTemplate":"https:\/\/www.lamagdalenadeproust.com\/info\/?s={search_term_string}"},"query-input":{"@type":"PropertyValueSpecification","valueRequired":true,"valueName":"search_term_string"}}],"inLanguage":"es"},{"@type":"Organization","@id":"https:\/\/www.lamagdalenadeproust.com\/info\/#organization","name":"La Magdalena de Proust","url":"https:\/\/www.lamagdalenadeproust.com\/info\/","logo":{"@type":"ImageObject","inLanguage":"es","@id":"https:\/\/www.lamagdalenadeproust.com\/info\/#\/schema\/logo\/image\/","url":"https:\/\/www.lamagdalenadeproust.com\/info\/wp-content\/uploads\/2016\/11\/Magadalena-Proust-Logo.png","contentUrl":"https:\/\/www.lamagdalenadeproust.com\/info\/wp-content\/uploads\/2016\/11\/Magadalena-Proust-Logo.png","width":144,"height":105,"caption":"La Magdalena de Proust"},"image":{"@id":"https:\/\/www.lamagdalenadeproust.com\/info\/#\/schema\/logo\/image\/"}}]}},"_links":{"self":[{"href":"https:\/\/www.lamagdalenadeproust.com\/info\/wp-json\/wp\/v2\/pages\/217","targetHints":{"allow":["GET"]}}],"collection":[{"href":"https:\/\/www.lamagdalenadeproust.com\/info\/wp-json\/wp\/v2\/pages"}],"about":[{"href":"https:\/\/www.lamagdalenadeproust.com\/info\/wp-json\/wp\/v2\/types\/page"}],"author":[{"embeddable":true,"href":"https:\/\/www.lamagdalenadeproust.com\/info\/wp-json\/wp\/v2\/users\/1"}],"replies":[{"embeddable":true,"href":"https:\/\/www.lamagdalenadeproust.com\/info\/wp-json\/wp\/v2\/comments?post=217"}],"version-history":[{"count":2,"href":"https:\/\/www.lamagdalenadeproust.com\/info\/wp-json\/wp\/v2\/pages\/217\/revisions"}],"predecessor-version":[{"id":918,"href":"https:\/\/www.lamagdalenadeproust.com\/info\/wp-json\/wp\/v2\/pages\/217\/revisions\/918"}],"wp:attachment":[{"href":"https:\/\/www.lamagdalenadeproust.com\/info\/wp-json\/wp\/v2\/media?parent=217"}],"curies":[{"name":"wp","href":"https:\/\/api.w.org\/{rel}","templated":true}]}}